{"id":11,"date":"2023-03-28T19:50:15","date_gmt":"2023-03-28T17:50:15","guid":{"rendered":"http:\/\/fuhlendorfer-sportclub.das-testportal.de\/?page_id=11"},"modified":"2023-03-28T19:50:15","modified_gmt":"2023-03-28T17:50:15","slug":"start","status":"publish","type":"page","link":"https:\/\/fuhlendorfer-sportclub.de\/","title":{"rendered":"Start"},"content":{"rendered":"<p>[et_pb_section fb_built=&#8220;1&#8243; _builder_version=&#8220;4.27.4&#8243; _module_preset=&#8220;default&#8220; use_background_color_gradient=&#8220;on&#8220; background_color_gradient_stops=&#8220;rgba(255,255,255,0) 1%|rgba(29,123,175,0.34) 100%&#8220; hover_enabled=&#8220;0&#8243; border_radii_tablet=&#8220;&#8220; border_radii_phone=&#8220;&#8220; border_radii_last_edited=&#8220;on|desktop&#8220; global_colors_info=&#8220;{}&#8220; bottom_divider_style=&#8220;ramp2&#8243; bottom_divider_color=&#8220;#1d7baf&#8220; sticky_enabled=&#8220;0&#8243;][et_pb_row _builder_version=&#8220;4.20.4&#8243; _module_preset=&#8220;default&#8220; global_colors_info=&#8220;{}&#8220;][et_pb_column type=&#8220;4_4&#8243; _builder_version=&#8220;4.20.4&#8243; _module_preset=&#8220;default&#8220; global_colors_info=&#8220;{}&#8220;][et_pb_text _builder_version=&#8220;4.20.4&#8243; _module_preset=&#8220;default&#8220; global_colors_info=&#8220;{}&#8220;]<\/p>\n<h1>\u00dcber den FSC:<\/h1>\n<p>&nbsp;<\/p>\n<p>Seit unserer Gr\u00fcndung im Jahr 1986 hat der FSC Sportverein kontinuierlich die Erwartungen erf\u00fcllt, die in ihn gesetzt wurden. Als feste Institution in Fuhlendorf zeichnen wir uns besonders durch eine effiziente Verwaltung der verf\u00fcgbaren Mittel aus, was sich auch in unseren niedrigen Mitgliedsbeitr\u00e4gen widerspiegelt.<\/p>\n<p>Unsere Mitglieder sind die treibende Kraft hinter unserer sportlichen Gemeinschaft. Besonders \u00e4ltere Mitglieder erkennen zunehmend den Wert regelm\u00e4\u00dfiger Gymnastik unter fachkundiger Anleitung f\u00fcr ihre Gesundheit, wie es der Radrennsportler Gustav-Adolf Schur einst treffend formulierte: &#8222;Der Mensch bewegt sich nicht weniger, weil er alt wird. Er wird alt, weil er sich weniger bewegt.&#8220;<\/p>\n<p>Mehr als die H\u00e4lfte unserer Mitglieder stammen aus den Nachbargemeinden, einschlie\u00dflich Bad Bramstedt. Sie identifizieren sich mit uns, weil sie sich bei uns wohlf\u00fchlen und aktiv ihr Leistungsniveau mitbestimmen k\u00f6nnen.<\/p>\n<p>Wir sind stolz darauf, dass viele unserer Mitglieder den Verein auch finanziell unterst\u00fctzen, indem sie ihre Beitr\u00e4ge zahlen, obwohl sie selbst nicht aktiv am Sport teilnehmen. Dadurch zeigen sie ihre Verbundenheit und ihre Wertsch\u00e4tzung f\u00fcr den FSC.<\/p>\n<p>Unsere Struktur und Verfassung erm\u00f6glichen es uns, uns an den Interessen unserer Mitglieder zu orientieren und frei von externer Einflussnahme zu bleiben. Die freiwillige und ehrenamtliche Mitarbeit gew\u00e4hrleistet, dass der Verein weiterhin gedeiht und wir alle Spa\u00df und Freude an unserem Sport haben.<\/p>\n<p>Der FSC strebt danach, seine Bl\u00fcte und Entwicklung fortzusetzen, um allen Sportbegeisterten eine gro\u00dfartige und bereichernde Erfahrung zu bieten.<\/p>\n<p>&nbsp;<\/p>\n<p>[\/et_pb_text][\/et_pb_column][\/et_pb_row][\/et_pb_section]<\/p>\n","protected":false},"excerpt":{"rendered":"<p>\u00dcber den FSC: &nbsp; Seit unserer Gr\u00fcndung im Jahr 1986 hat der FSC Sportverein kontinuierlich die Erwartungen erf\u00fcllt, die in ihn gesetzt wurden. Als feste Institution in Fuhlendorf zeichnen wir uns besonders durch eine effiziente Verwaltung der verf\u00fcgbaren Mittel aus, was sich auch in unseren niedrigen Mitgliedsbeitr\u00e4gen widerspiegelt. Unsere Mitglieder sind die treibende Kraft hinter [&hellip;]<\/p>\n","protected":false},"author":1,"featured_media":0,"parent":0,"menu_order":0,"comment_status":"closed","ping_status":"closed","template":"","meta":{"_et_pb_use_builder":"on","_et_pb_old_content":"","_et_gb_content_width":"","footnotes":""},"class_list":["post-11","page","type-page","status-publish","hentry"],"_links":{"self":[{"href":"https:\/\/fuhlendorfer-sportclub.de\/index.php?rest_route=\/wp\/v2\/pages\/11","targetHints":{"allow":["GET"]}}],"collection":[{"href":"https:\/\/fuhlendorfer-sportclub.de\/index.php?rest_route=\/wp\/v2\/pages"}],"about":[{"href":"https:\/\/fuhlendorfer-sportclub.de\/index.php?rest_route=\/wp\/v2\/types\/page"}],"author":[{"embeddable":true,"href":"https:\/\/fuhlendorfer-sportclub.de\/index.php?rest_route=\/wp\/v2\/users\/1"}],"replies":[{"embeddable":true,"href":"https:\/\/fuhlendorfer-sportclub.de\/index.php?rest_route=%2Fwp%2Fv2%2Fcomments&post=11"}],"version-history":[{"count":0,"href":"https:\/\/fuhlendorfer-sportclub.de\/index.php?rest_route=\/wp\/v2\/pages\/11\/revisions"}],"wp:attachment":[{"href":"https:\/\/fuhlendorfer-sportclub.de\/index.php?rest_route=%2Fwp%2Fv2%2Fmedia&parent=11"}],"curies":[{"name":"wp","href":"https:\/\/api.w.org\/{rel}","templated":true}]}}