{"id":43,"date":"2023-04-18T09:47:17","date_gmt":"2023-04-18T07:47:17","guid":{"rendered":"http:\/\/fuhlendorfer-sportclub.das-testportal.de\/?page_id=43"},"modified":"2023-04-18T09:47:17","modified_gmt":"2023-04-18T07:47:17","slug":"turnen-u-gymnastik","status":"publish","type":"page","link":"https:\/\/fuhlendorfer-sportclub.de\/?page_id=43","title":{"rendered":"Turnen u. Gymnastik"},"content":{"rendered":"<p>[et_pb_section fb_built=&#8220;1&#8243; _builder_version=&#8220;4.27.4&#8243; _module_preset=&#8220;default&#8220; hover_enabled=&#8220;0&#8243; global_colors_info=&#8220;{}&#8220; bottom_divider_style=&#8220;slant2&#8243; bottom_divider_color=&#8220;#1d7baf&#8220; sticky_enabled=&#8220;0&#8243;][et_pb_row _builder_version=&#8220;4.20.4&#8243; _module_preset=&#8220;default&#8220; global_colors_info=&#8220;{}&#8220;][et_pb_column type=&#8220;4_4&#8243; _builder_version=&#8220;4.20.4&#8243; _module_preset=&#8220;default&#8220; global_colors_info=&#8220;{}&#8220;][et_pb_text _builder_version=&#8220;4.20.4&#8243; _module_preset=&#8220;default&#8220; global_colors_info=&#8220;{}&#8220;]<\/p>\n<h1 class=\"entry-title main_title\">Turnen u. Gymnastik:<\/h1>\n<p>[\/et_pb_text][\/et_pb_column][\/et_pb_row][et_pb_row column_structure=&#8220;1_2,1_2&#8243; _builder_version=&#8220;4.20.4&#8243; _module_preset=&#8220;default&#8220; global_colors_info=&#8220;{}&#8220;][et_pb_column type=&#8220;1_2&#8243; _builder_version=&#8220;4.20.4&#8243; _module_preset=&#8220;default&#8220; global_colors_info=&#8220;{}&#8220;][et_pb_image src=&#8220;https:\/\/fuhlendorfer-sportclub.de\/wp-content\/uploads\/2023\/06\/turnigym.jpg&#8220; title_text=&#8220;turnigym&#8220; _builder_version=&#8220;4.20.4&#8243; _module_preset=&#8220;default&#8220; global_colors_info=&#8220;{}&#8220;][\/et_pb_image][\/et_pb_column][et_pb_column type=&#8220;1_2&#8243; _builder_version=&#8220;4.20.4&#8243; _module_preset=&#8220;default&#8220; global_colors_info=&#8220;{}&#8220;][et_pb_text _builder_version=&#8220;4.20.4&#8243; _module_preset=&#8220;default&#8220; global_colors_info=&#8220;{}&#8220;]<\/p>\n<p>Jeden Mittwoch von 19 bis 20 Uhr findet in Fuhlendorf Gymnastik f\u00fcr <strong>Frauen<\/strong> und von 20 bis 21 Uhr f\u00fcr <strong>M\u00e4nner<\/strong> statt.<\/p>\n<p>Gymnastik macht nicht nur Spa\u00df, es wirkt sich auch positiv auf das Herz-Kreislaufsystem aus, baut Stress ab und st\u00e4rkt die Muskeln. Und das hat langfristige Vorteile: Kr\u00e4ftige R\u00fccken- Bauch und Ges\u00e4\u00dfmuskeln beugen Haltungssch\u00e4den und\u00a0<a href=\"https:\/\/www.lifeline.de\/muskel-gelenkbeschwerden\/ruecken\/\">R\u00fcckenschmerzen<\/a>\u00a0vor. Zudem verbessert regelm\u00e4\u00dfige Gymnastik sowohl die Koordinationsf\u00e4higkeit als auch die K\u00f6rperkontrolle.<\/p>\n<p>Die Stunde beginnt mit einem Worm Up, die mit Musik untermalt wird. Anschlie\u00dfend findet ein Ganzk\u00f6rpertraining statt, bei dem verschiedenste Muskelgruppen aktiviert werden. Ich versuche die Stunde Abwechslungsreich zu gestalten und arbeite mit verschiedenen Ger\u00e4ten, wie Ball, Flexi Bar Hanteln oder Terra B\u00e4nder.<\/p>\n<p>Gymnastik gilt als eine der besten Formen, um sich bis ins hohe Alter fit zu halten und aktiv <\/p>\n<p>[\/et_pb_text][\/et_pb_column][\/et_pb_row][\/et_pb_section]<\/p>\n","protected":false},"excerpt":{"rendered":"<p>Turnen u. Gymnastik:Jeden Mittwoch von 19 bis 20 Uhr findet in Fuhlendorf Gymnastik f\u00fcr Frauen und von 20 bis 21 Uhr f\u00fcr M\u00e4nner statt. Gymnastik macht nicht nur Spa\u00df, es wirkt sich auch positiv auf das Herz-Kreislaufsystem aus, baut Stress ab und st\u00e4rkt die Muskeln. Und das hat langfristige Vorteile: Kr\u00e4ftige R\u00fccken- Bauch und Ges\u00e4\u00dfmuskeln [&hellip;]<\/p>\n","protected":false},"author":1,"featured_media":0,"parent":0,"menu_order":0,"comment_status":"closed","ping_status":"closed","template":"","meta":{"_et_pb_use_builder":"on","_et_pb_old_content":"","_et_gb_content_width":"","footnotes":""},"class_list":["post-43","page","type-page","status-publish","hentry"],"_links":{"self":[{"href":"https:\/\/fuhlendorfer-sportclub.de\/index.php?rest_route=\/wp\/v2\/pages\/43","targetHints":{"allow":["GET"]}}],"collection":[{"href":"https:\/\/fuhlendorfer-sportclub.de\/index.php?rest_route=\/wp\/v2\/pages"}],"about":[{"href":"https:\/\/fuhlendorfer-sportclub.de\/index.php?rest_route=\/wp\/v2\/types\/page"}],"author":[{"embeddable":true,"href":"https:\/\/fuhlendorfer-sportclub.de\/index.php?rest_route=\/wp\/v2\/users\/1"}],"replies":[{"embeddable":true,"href":"https:\/\/fuhlendorfer-sportclub.de\/index.php?rest_route=%2Fwp%2Fv2%2Fcomments&post=43"}],"version-history":[{"count":0,"href":"https:\/\/fuhlendorfer-sportclub.de\/index.php?rest_route=\/wp\/v2\/pages\/43\/revisions"}],"wp:attachment":[{"href":"https:\/\/fuhlendorfer-sportclub.de\/index.php?rest_route=%2Fwp%2Fv2%2Fmedia&parent=43"}],"curies":[{"name":"wp","href":"https:\/\/api.w.org\/{rel}","templated":true}]}}