{"id":47,"date":"2023-04-18T09:47:40","date_gmt":"2023-04-18T07:47:40","guid":{"rendered":"http:\/\/fuhlendorfer-sportclub.das-testportal.de\/?page_id=47"},"modified":"2025-02-24T22:00:35","modified_gmt":"2025-02-24T22:00:35","slug":"badminton","status":"publish","type":"page","link":"https:\/\/fuhlendorfer-sportclub.de\/?page_id=47","title":{"rendered":"Badminton"},"content":{"rendered":"<p>[et_pb_section fb_built=&#8220;1&#8243; _builder_version=&#8220;4.27.4&#8243; _module_preset=&#8220;default&#8220; bottom_divider_style=&#8220;slant2&#8243; bottom_divider_color=&#8220;#1d7baf&#8220; global_colors_info=&#8220;{}&#8220;][et_pb_row column_structure=&#8220;3_5,2_5&#8243; _builder_version=&#8220;4.20.4&#8243; _module_preset=&#8220;default&#8220; global_colors_info=&#8220;{}&#8220;][et_pb_column type=&#8220;3_5&#8243; _builder_version=&#8220;4.20.4&#8243; _module_preset=&#8220;default&#8220; global_colors_info=&#8220;{}&#8220;][et_pb_text _builder_version=&#8220;4.20.4&#8243; _module_preset=&#8220;default&#8220; global_colors_info=&#8220;{}&#8220;]<\/p>\n<h1>Was ist Badminton:<\/h1>\n<p>&nbsp;<\/p>\n<p>Die Ballsportart Badminton ist ein R\u00fcckschlagspiel, das mit einem Federball (Shuttlecock) und jeweils einem Badmintonschl\u00e4ger pro Person gespielt wird.<\/p>\n<p>Dabei versuchen die Spieler, den Ball so \u00fcber ein Netz zu schlagen, dass die Gegenseite ihn nicht den Regeln entsprechend zur\u00fcckschlagen kann.<\/p>\n<p>Regelwerk gem. <a href=\"https:\/\/www.badminton-ratgeber.de\/badminton-regeln\/#5_Aufschlag_Regeln\">7 Badminton Regeln &#8211; von Aufschlag bis Z\u00e4hlweise (badminton-ratgeber.de)<\/a><\/p>\n<p>[\/et_pb_text][et_pb_image src=&#8220;https:\/\/fuhlendorfer-sportclub.de\/wp-content\/uploads\/2025\/02\/Fuhlendorf_Badminton.png&#8220; title_text=&#8220;Fuhlendorf_Badminton&#8220; _builder_version=&#8220;4.20.4&#8243; _module_preset=&#8220;default&#8220; global_colors_info=&#8220;{}&#8220;][\/et_pb_image][et_pb_text _builder_version=&#8220;4.20.4&#8243; _module_preset=&#8220;default&#8220; global_colors_info=&#8220;{}&#8220;]<\/p>\n<p>auf zum <strong>Fuhlendorfer Sport Club (FSC)<\/strong><strong>.<\/strong> Uns gibt es seit dem Jahre 1986, wobei die Badminton-Sparte im September 1992 gegr\u00fcndet wurde.<\/p>\n<p>Wir sind reine Hobbyspieler mit gesundem Ehrgeiz, die Spa\u00df an der Sportart haben. Gelegentlich spielen wir gegen andere Badminton-Vereine aus dem n\u00e4hren Umkreis oder nehmen an Turnieren in der Umgebung teil.<\/p>\n<p>Mit einem <strong><em>Jahresbeitrag<\/em><\/strong> von p.P. <strong><em>18\u20ac<\/em><\/strong> &lt; 18 Jahren und <strong><em>30\u20ac<\/em><\/strong> &gt; 18 Jahren bist Du dabei, wenn Du magst.<\/p>\n<p>[\/et_pb_text][et_pb_text _builder_version=&#8220;4.27.4&#8243; _module_preset=&#8220;default&#8220; hover_enabled=&#8220;0&#8243; global_colors_info=&#8220;{}&#8220; content_last_edited=&#8220;on|tablet&#8220; content_tablet=&#8220;<\/p>\n<p><strong>Wo und wann findest Du uns?<\/strong><\/p>\n<p>Trainigsort:\u00a0 \u00a0J\u00fcrgen Fuhlendorf Schule,<br \/>\u00a0 \u00a0 \u00a0 \u00a0 \u00a0 \u00a0 \u00a0 \u00a0 \u00a0 \u00a0 \u00a0 \u00a0D\u00fcsternhoop 48,<br \/>\u00a0 \u00a0 \u00a0 \u00a0 \u00a0 \u00a0 \u00a0 \u00a0 \u00a0 \u00a0 \u00a0 \u00a024576 Bad Bramstedt,\u00a0<br \/>\u00a0 \u00a0 \u00a0 \u00a0 \u00a0 \u00a0 \u00a0 \u00a0 \u00a0 \u00a0 \u00a0 \u201eGro\u00dfe Sporthalle\u201c<\/p>\n<p>Trainingszeiten:\u00a0 Montags\u00a0\u00a0\u00a0 20:00 \u2013 22:00 Uhr<\/p>\n<p>\u00a0 \u00a0 \u00a0 \u00a0 \u00a0 \u00a0 \u00a0 \u00a0 \u00a0 \u00a0 \u00a0 \u00a0 \u00a0 \u00a0 \u00a0 Dienstags\u00a0 20:00 \u2013 22:00 Uhr<\/p>\n<p>&nbsp;<\/p>\n<p><strong>Ansprechpartner:\u00a0<\/strong><\/p>\n<p>Spartenleiter: Michael Daniel<\/p>\n<p>spartenleiter.bm@fuhlendorfer-sportclub.de<\/p>\n<p>Spielf\u00fchrer:\u00a0 \u00a0 Jan-Nico M\u00f6ckelmann<\/p>\n<p>spielf\u00fchrer.bm@fuhlendorfer-sportclub.de<\/p>\n<p>&nbsp;<\/p>\n<p>&#8220; sticky_enabled=&#8220;0&#8243; content_phone=&#8220;<\/p>\n<p><strong><br \/>Wo und wann findest Du uns?<\/strong><\/p>\n<p>Trainigsort:<br \/>J\u00fcrgen Fuhlendorf Schule,<br \/>D\u00fcsternhoop 48,<br \/>24576 Bad Bramstedt,<br \/>\u201eGro\u00dfe Sporthalle\u201c<\/p>\n<p>Trainingszeiten:\u00a0 <br \/>Montags\u00a0\u00a0\u00a0 20:00 \u2013 22:00 Uhr<\/p>\n<p>Dienstags\u00a0 20:00 \u2013 22:00 Uhr<\/p>\n<p>&nbsp;<\/p>\n<p><strong>Ansprechpartner:\u00a0<\/strong><\/p>\n<p>Spartenleiter: <br \/>Michael Daniel<br \/>spartenleiter.bm@fuhlendorfer-sportclub.de<\/p>\n<p>Spielf\u00fchrer:\u00a0 \u00a0 <br \/>Jan-Nico M\u00f6ckelmann<br \/>spielf\u00fchrer.bm@fuhlendorfer-sportclub.de<\/p>\n<p>&nbsp;<\/p>\n<p>&#8222;]<strong>Wo und wann findest Du uns?<\/strong><\/p>\n<p>Trainigsort:\u00a0 \u00a0 \u00a0 \u00a0J\u00fcrgen Fuhlendorf Schule Bad Bramstedt<\/p>\n<p>D\u00fcsternhoop 48<\/p>\n<p>\u201eGro\u00dfe Sporthalle\u201c<\/p>\n<p>Trainingszeiten:\u00a0 Montags\u00a0\u00a0\u00a0 20:00 \u2013 22:00 Uhr<\/p>\n<p>Dienstags\u00a0 20:00 \u2013 22:00 Uhr<\/p>\n<p>&nbsp;<\/p>\n<p><strong>Ansprechpartner:\u00a0<\/strong><\/p>\n<p>Spartenleiter: Michael Daniel<\/p>\n<p><a href=\"mailto:spartenleiter.bm@fuhlendorfer-sportclub.de\">spartenleiter.bm@fuhlendorfer-sportclub.de<\/a><\/p>\n<p>Spielf\u00fchrer:\u00a0 \u00a0 Jan-Nico M\u00f6ckelmann<\/p>\n<p><a href=\"mailto:spielf\u00fchrer.bm@fuhlendorfer-sportclub.de\">spielf\u00fchrer.bm@fuhlendorfer-sportclub.de<\/a><\/p>\n<p>&nbsp;[\/et_pb_text][et_pb_divider color=&#8220;#1d7baf&#8220; divider_weight=&#8220;3px&#8220; _builder_version=&#8220;4.27.4&#8243; _module_preset=&#8220;default&#8220; global_colors_info=&#8220;{}&#8220;][\/et_pb_divider][et_pb_text _builder_version=&#8220;4.27.4&#8243; _module_preset=&#8220;default&#8220; global_colors_info=&#8220;{}&#8220;]<\/p>\n<p>Folge uns auf Instagram<\/p>\n<p>[\/et_pb_text][et_pb_social_media_follow follow_button=&#8220;on&#8220; _builder_version=&#8220;4.27.4&#8243; _module_preset=&#8220;default&#8220; text_orientation=&#8220;left&#8220; global_colors_info=&#8220;{}&#8220;][et_pb_social_media_follow_network social_network=&#8220;instagram&#8220; url=&#8220;https:\/\/www.instagram.com\/fuhlendorfer_sc_badminton\/?igsh=MWc3ZW5yeG44dmVwdg%3D%3D&#8220; _builder_version=&#8220;4.27.4&#8243; _module_preset=&#8220;default&#8220; background_color=&#8220;#d60072&#8243; background_enable_color=&#8220;on&#8220; global_colors_info=&#8220;{}&#8220; follow_button=&#8220;on&#8220; url_new_window=&#8220;on&#8220;]instagram[\/et_pb_social_media_follow_network][\/et_pb_social_media_follow][et_pb_divider color=&#8220;#1d7baf&#8220; divider_weight=&#8220;3px&#8220; _builder_version=&#8220;4.27.4&#8243; _module_preset=&#8220;default&#8220; global_colors_info=&#8220;{}&#8220;][\/et_pb_divider][\/et_pb_column][et_pb_column type=&#8220;2_5&#8243; _builder_version=&#8220;4.20.4&#8243; _module_preset=&#8220;default&#8220; global_colors_info=&#8220;{}&#8220;][et_pb_image src=&#8220;https:\/\/fuhlendorfer-sportclub.de\/wp-content\/uploads\/2025\/02\/Fuhlendor-Badminten-Team_05.png&#8220; title_text=&#8220;Fuhlendor-Badminten-Team_05&#8243; _builder_version=&#8220;4.27.4&#8243; _module_preset=&#8220;default&#8220; global_colors_info=&#8220;{}&#8220;][\/et_pb_image][et_pb_image src=&#8220;https:\/\/fuhlendorfer-sportclub.de\/wp-content\/uploads\/2025\/02\/Fuhlendor-Badminten-Team_02-1.png&#8220; title_text=&#8220;Fuhlendor-Badminten-Team_02&#8243; _builder_version=&#8220;4.27.4&#8243; _module_preset=&#8220;default&#8220; global_colors_info=&#8220;{}&#8220;][\/et_pb_image][et_pb_image src=&#8220;https:\/\/fuhlendorfer-sportclub.de\/wp-content\/uploads\/2025\/02\/Fuhlendor-Badminten-Team_03.png&#8220; title_text=&#8220;Fuhlendor-Badminten-Team_03&#8243; _builder_version=&#8220;4.27.4&#8243; _module_preset=&#8220;default&#8220; global_colors_info=&#8220;{}&#8220;][\/et_pb_image][et_pb_image src=&#8220;https:\/\/fuhlendorfer-sportclub.de\/wp-content\/uploads\/2025\/02\/Fuhlendor-Badminten-Team_04.png&#8220; title_text=&#8220;Fuhlendor-Badminten-Team_04&#8243; _builder_version=&#8220;4.27.4&#8243; _module_preset=&#8220;default&#8220; global_colors_info=&#8220;{}&#8220;][\/et_pb_image][\/et_pb_column][\/et_pb_row][et_pb_row _builder_version=&#8220;4.27.4&#8243; _module_preset=&#8220;default&#8220; global_colors_info=&#8220;{}&#8220;][et_pb_column type=&#8220;4_4&#8243; _builder_version=&#8220;4.27.4&#8243; _module_preset=&#8220;default&#8220; global_colors_info=&#8220;{}&#8220;][\/et_pb_column][\/et_pb_row][\/et_pb_section]<\/p>\n","protected":false},"excerpt":{"rendered":"<p>Was ist Badminton: &nbsp; Die Ballsportart Badminton ist ein R\u00fcckschlagspiel, das mit einem Federball (Shuttlecock) und jeweils einem Badmintonschl\u00e4ger pro Person gespielt wird. Dabei versuchen die Spieler, den Ball so \u00fcber ein Netz zu schlagen, dass die Gegenseite ihn nicht den Regeln entsprechend zur\u00fcckschlagen kann. Regelwerk gem. 7 Badminton Regeln &#8211; von Aufschlag bis Z\u00e4hlweise [&hellip;]<\/p>\n","protected":false},"author":1,"featured_media":0,"parent":0,"menu_order":0,"comment_status":"closed","ping_status":"closed","template":"","meta":{"_et_pb_use_builder":"on","_et_pb_old_content":"","_et_gb_content_width":"","footnotes":""},"class_list":["post-47","page","type-page","status-publish","hentry"],"_links":{"self":[{"href":"https:\/\/fuhlendorfer-sportclub.de\/index.php?rest_route=\/wp\/v2\/pages\/47","targetHints":{"allow":["GET"]}}],"collection":[{"href":"https:\/\/fuhlendorfer-sportclub.de\/index.php?rest_route=\/wp\/v2\/pages"}],"about":[{"href":"https:\/\/fuhlendorfer-sportclub.de\/index.php?rest_route=\/wp\/v2\/types\/page"}],"author":[{"embeddable":true,"href":"https:\/\/fuhlendorfer-sportclub.de\/index.php?rest_route=\/wp\/v2\/users\/1"}],"replies":[{"embeddable":true,"href":"https:\/\/fuhlendorfer-sportclub.de\/index.php?rest_route=%2Fwp%2Fv2%2Fcomments&post=47"}],"version-history":[{"count":5,"href":"https:\/\/fuhlendorfer-sportclub.de\/index.php?rest_route=\/wp\/v2\/pages\/47\/revisions"}],"predecessor-version":[{"id":353,"href":"https:\/\/fuhlendorfer-sportclub.de\/index.php?rest_route=\/wp\/v2\/pages\/47\/revisions\/353"}],"wp:attachment":[{"href":"https:\/\/fuhlendorfer-sportclub.de\/index.php?rest_route=%2Fwp%2Fv2%2Fmedia&parent=47"}],"curies":[{"name":"wp","href":"https:\/\/api.w.org\/{rel}","templated":true}]}}