{"id":72,"date":"2023-04-18T09:57:53","date_gmt":"2023-04-18T07:57:53","guid":{"rendered":"http:\/\/fuhlendorfer-sportclub.das-testportal.de\/?page_id=72"},"modified":"2025-02-20T22:47:11","modified_gmt":"2025-02-20T22:47:11","slug":"datenschutz","status":"publish","type":"page","link":"https:\/\/fuhlendorfer-sportclub.de\/?page_id=72","title":{"rendered":"Datenschutz"},"content":{"rendered":"<p>[et_pb_section fb_built=&#8220;1&#8243; _builder_version=&#8220;4.27.4&#8243; _module_preset=&#8220;default&#8220; hover_enabled=&#8220;0&#8243; global_colors_info=&#8220;{}&#8220; bottom_divider_style=&#8220;slant2&#8243; bottom_divider_color=&#8220;#1d7baf&#8220; sticky_enabled=&#8220;0&#8243;][et_pb_row _builder_version=&#8220;4.27.4&#8243; _module_preset=&#8220;default&#8220; global_colors_info=&#8220;{}&#8220;][et_pb_column type=&#8220;4_4&#8243; _builder_version=&#8220;4.27.4&#8243; _module_preset=&#8220;default&#8220; global_colors_info=&#8220;{}&#8220;][et_pb_text _builder_version=&#8220;4.27.4&#8243; _module_preset=&#8220;default&#8220; global_colors_info=&#8220;{}&#8220;]<\/p>\n<p class=\"p1\"><b>Datenschutzerkl\u00e4rung<\/b><b><\/b><\/p>\n<p class=\"p3\"><b>Fuhlendorfer Sportclub von 1986 e.V.<\/b><b><\/b><\/p>\n<p class=\"p4\"><b>1. Name und Kontaktdaten des Verantwortlichen<\/b><b><\/b><\/p>\n<p class=\"p5\">Fuhlendorfer Sportclub von 1986 e.V.<\/p>\n<p class=\"p5\">Osterfeld 5<\/p>\n<p class=\"p5\">24649 Fuhlendorf<\/p>\n<p class=\"p5\">E-Mail: <a href=\"mailto:Wernerlembcke@gmx.de\">Wernerlembcke@gmx.de<\/a><\/p>\n<p class=\"p5\">Telefon: 04192 5627<\/p>\n<p class=\"p5\">Vertretungsberechtigte Person: Werner Lembcke (1. Vorsitzender)<\/p>\n<p class=\"p4\"><b>2. Erhebung und Speicherung personenbezogener Daten sowie Art und Zweck der Verwendung<\/b><b><\/b><\/p>\n<p class=\"p6\"><b>Beim Besuch der Website<\/b><b><\/b><\/p>\n<p class=\"p5\">Beim Aufrufen unserer Website werden durch den Hostinganbieter (Strato) automatisch Informationen an den Server unserer Website gesendet. Diese Informationen werden tempor\u00e4r in sogenannten Logfiles gespeichert. Folgende Daten k\u00f6nnen dabei erfasst werden:<\/p>\n<p class=\"p7\">\u2022IP-Adresse des anfragenden Rechners<\/p>\n<p class=\"p7\">\u2022Datum und Uhrzeit des Zugriffs<\/p>\n<p class=\"p7\">\u2022Name und URL der abgerufenen Datei<\/p>\n<p class=\"p7\">\u2022Website, von der aus der Zugriff erfolgt<\/p>\n<p class=\"p7\">\u2022Verwendeter Browser und ggf. das Betriebssystem Ihres Rechners<\/p>\n<p class=\"p5\">Diese Daten dienen ausschlie\u00dflich technischen Zwecken, um einen sicheren und stabilen Betrieb der Website zu gew\u00e4hrleisten. Eine Weitergabe an Dritte oder eine Verkn\u00fcpfung mit anderen Daten erfolgt nicht.<\/p>\n<p class=\"p4\"><b>3. Speicherung und L\u00f6schung personenbezogener Daten<\/b><b><\/b><\/p>\n<p class=\"p5\">Personenbezogene Daten werden nur so lange gespeichert, wie es f\u00fcr den jeweiligen Zweck erforderlich ist oder eine gesetzliche Aufbewahrungspflicht besteht. Anfragen \u00fcber das Kontaktformular werden sp\u00e4testens nach vier Wochen gel\u00f6scht.<\/p>\n<p class=\"p4\"><b>4. Verwendung von Cookies und Analysetools<\/b><b><\/b><\/p>\n<p class=\"p5\">Unsere Website verwendet <b>keine Cookies oder Analysetools<\/b> wie Google Analytics oder Matomo.<\/p>\n<p class=\"p4\"><b>5. Datensicherheit<\/b><b><\/b><\/p>\n<p class=\"p5\">Unsere Website nutzt eine <b>SSL-Verschl\u00fcsselung<\/b>, um die Sicherheit Ihrer Daten w\u00e4hrend der \u00dcbertragung zu gew\u00e4hrleisten.<\/p>\n<p class=\"p4\"><b>6. Rechte der betroffenen Personen<\/b><b><\/b><\/p>\n<p class=\"p5\">Sie haben das Recht:<\/p>\n<p class=\"p7\">\u2022gem\u00e4\u00df <b>Art. 15 DSGVO<\/b> Auskunft \u00fcber Ihre gespeicherten personenbezogenen Daten zu verlangen,<\/p>\n<p class=\"p7\">\u2022gem\u00e4\u00df <b>Art. 16 DSGVO<\/b> die Berichtigung unrichtiger oder die Vervollst\u00e4ndigung unvollst\u00e4ndiger Daten zu fordern,<\/p>\n<p class=\"p7\">\u2022gem\u00e4\u00df <b>Art. 17 DSGVO<\/b> die L\u00f6schung Ihrer personenbezogenen Daten zu verlangen,<\/p>\n<p class=\"p7\">\u2022gem\u00e4\u00df <b>Art. 18 DSGVO<\/b> die Einschr\u00e4nkung der Verarbeitung zu verlangen,<\/p>\n<p class=\"p7\">\u2022gem\u00e4\u00df <b>Art. 21 DSGVO<\/b> Widerspruch gegen die Verarbeitung Ihrer Daten einzulegen,<\/p>\n<p class=\"p7\">\u2022gem\u00e4\u00df <b>Art. 77 DSGVO<\/b> sich bei einer Aufsichtsbeh\u00f6rde zu beschweren.<\/p>\n<p class=\"p4\"><b>7. Ansprechpartner f\u00fcr Datenschutz<\/b><b><\/b><\/p>\n<p class=\"p5\">Falls Sie Fragen zum Datenschutz haben oder Ihre Rechte geltend machen m\u00f6chten, k\u00f6nnen Sie sich an unseren Datenschutzbeauftragten wenden:<\/p>\n<p class=\"p5\"><b>[Platzhalter f\u00fcr den Datenschutzbeauftragten]<\/b><b><\/b><\/p>\n<p class=\"p5\">Fuhlendorfer Sportclub von 1986 e.V.<\/p>\n<p class=\"p5\">Osterfeld 5<\/p>\n<p class=\"p5\">24649 Fuhlendorf<\/p>\n<p class=\"p5\">E-Mail: <a href=\"mailto:Wernerlembcke@gmx.de\">Wernerlembcke@gmx.de<\/a><\/p>\n<p>[\/et_pb_text][\/et_pb_column][\/et_pb_row][\/et_pb_section]<\/p>\n","protected":false},"excerpt":{"rendered":"<p>Datenschutzerkl\u00e4rung Fuhlendorfer Sportclub von 1986 e.V. 1. Name und Kontaktdaten des Verantwortlichen Fuhlendorfer Sportclub von 1986 e.V. Osterfeld 5 24649 Fuhlendorf E-Mail: Wernerlembcke@gmx.de Telefon: 04192 5627 Vertretungsberechtigte Person: Werner Lembcke (1. Vorsitzender) 2. Erhebung und Speicherung personenbezogener Daten sowie Art und Zweck der Verwendung Beim Besuch der Website Beim Aufrufen unserer Website werden durch den [&hellip;]<\/p>\n","protected":false},"author":1,"featured_media":0,"parent":0,"menu_order":0,"comment_status":"closed","ping_status":"closed","template":"","meta":{"_et_pb_use_builder":"on","_et_pb_old_content":"","_et_gb_content_width":"","footnotes":""},"class_list":["post-72","page","type-page","status-publish","hentry"],"_links":{"self":[{"href":"https:\/\/fuhlendorfer-sportclub.de\/index.php?rest_route=\/wp\/v2\/pages\/72","targetHints":{"allow":["GET"]}}],"collection":[{"href":"https:\/\/fuhlendorfer-sportclub.de\/index.php?rest_route=\/wp\/v2\/pages"}],"about":[{"href":"https:\/\/fuhlendorfer-sportclub.de\/index.php?rest_route=\/wp\/v2\/types\/page"}],"author":[{"embeddable":true,"href":"https:\/\/fuhlendorfer-sportclub.de\/index.php?rest_route=\/wp\/v2\/users\/1"}],"replies":[{"embeddable":true,"href":"https:\/\/fuhlendorfer-sportclub.de\/index.php?rest_route=%2Fwp%2Fv2%2Fcomments&post=72"}],"version-history":[{"count":2,"href":"https:\/\/fuhlendorfer-sportclub.de\/index.php?rest_route=\/wp\/v2\/pages\/72\/revisions"}],"predecessor-version":[{"id":336,"href":"https:\/\/fuhlendorfer-sportclub.de\/index.php?rest_route=\/wp\/v2\/pages\/72\/revisions\/336"}],"wp:attachment":[{"href":"https:\/\/fuhlendorfer-sportclub.de\/index.php?rest_route=%2Fwp%2Fv2%2Fmedia&parent=72"}],"curies":[{"name":"wp","href":"https:\/\/api.w.org\/{rel}","templated":true}]}}