{"id":74,"date":"2023-04-18T09:58:05","date_gmt":"2023-04-18T07:58:05","guid":{"rendered":"http:\/\/fuhlendorfer-sportclub.das-testportal.de\/?page_id=74"},"modified":"2023-04-18T09:58:05","modified_gmt":"2023-04-18T07:58:05","slug":"impressum","status":"publish","type":"page","link":"https:\/\/fuhlendorfer-sportclub.de\/?page_id=74","title":{"rendered":"Impressum"},"content":{"rendered":"<p>[et_pb_section fb_built=&#8220;1&#8243; _builder_version=&#8220;4.27.4&#8243; _module_preset=&#8220;default&#8220; hover_enabled=&#8220;0&#8243; global_colors_info=&#8220;{}&#8220; bottom_divider_style=&#8220;slant2&#8243; bottom_divider_color=&#8220;#1d7baf&#8220; sticky_enabled=&#8220;0&#8243;][et_pb_row _builder_version=&#8220;4.27.4&#8243; _module_preset=&#8220;default&#8220; global_colors_info=&#8220;{}&#8220;][et_pb_column type=&#8220;4_4&#8243; _builder_version=&#8220;4.27.4&#8243; _module_preset=&#8220;default&#8220; global_colors_info=&#8220;{}&#8220;][et_pb_text _builder_version=&#8220;4.27.4&#8243; _module_preset=&#8220;default&#8220; global_colors_info=&#8220;{}&#8220;]<\/p>\n<p class=\"p1\"><b>Impressum<\/b><b><\/b><\/p>\n<p class=\"p3\"><b>Angaben gem\u00e4\u00df \u00a7 5 TMG<\/b><b><\/b><\/p>\n<p class=\"p4\">Fuhlendorfer Sportclub von 1986 e.V.<\/p>\n<p class=\"p4\">Osterfeld 5<\/p>\n<p class=\"p4\">24649 Fuhlendorf<\/p>\n<p class=\"p3\"><b>Vertreten durch:<\/b><b><\/b><\/p>\n<p class=\"p5\">1.Vorsitzender: Werner Lembcke<\/p>\n<p class=\"p3\"><b>Kontakt:<\/b><b><\/b><\/p>\n<p class=\"p4\">Telefon: 04192 5627<\/p>\n<p class=\"p4\">E-Mail: <a href=\"mailto:Wernerlembcke@gmx.de\">Wernerlembcke@gmx.de<\/a><\/p>\n<p class=\"p3\"><b>Verantwortlich f\u00fcr den Inhalt nach \u00a7 55 Abs. 2 RStV:<\/b><b><\/b><\/p>\n<p class=\"p4\">Werner Lembcke<\/p>\n<p class=\"p4\">Osterfeld 5<\/p>\n<p class=\"p4\">24649 Fuhlendorf<\/p>\n<p class=\"p3\"><b>Haftungsausschluss:<\/b><b><\/b><\/p>\n<p class=\"p4\"><b>Haftung f\u00fcr Inhalte<\/b><b><\/b><\/p>\n<p class=\"p4\">Die Inhalte unserer Seiten wurden mit gr\u00f6\u00dfter Sorgfalt erstellt. F\u00fcr die Richtigkeit, Vollst\u00e4ndigkeit und Aktualit\u00e4t der Inhalte k\u00f6nnen wir jedoch keine Gew\u00e4hr \u00fcbernehmen.<\/p>\n<p class=\"p4\"><b>Haftung f\u00fcr Links<\/b><b><\/b><\/p>\n<p class=\"p4\">Unsere Website enth\u00e4lt ggf. Links zu externen Websites Dritter, auf deren Inhalte wir keinen Einfluss haben. Deshalb k\u00f6nnen wir f\u00fcr diese fremden Inhalte keine Gew\u00e4hr \u00fcbernehmen. F\u00fcr die Inhalte der verlinkten Seiten ist stets der jeweilige Anbieter oder Betreiber verantwortlich.<\/p>\n<p class=\"p4\"><b>Urheberrecht<\/b><b><\/b><\/p>\n<p class=\"p4\">Die durch den Seitenbetreiber erstellten Inhalte und Werke auf diesen Seiten unterliegen dem deutschen Urheberrecht. Die Vervielf\u00e4ltigung, Bearbeitung, Verbreitung und jede Art der Verwertung au\u00dferhalb der Grenzen des Urheberrechtes bed\u00fcrfen der schriftlichen Zustimmung des jeweiligen Autors bzw. Erstellers.<\/p>\n<p>[\/et_pb_text][\/et_pb_column][\/et_pb_row][\/et_pb_section]<\/p>\n","protected":false},"excerpt":{"rendered":"<p>Impressum Angaben gem\u00e4\u00df \u00a7 5 TMG Fuhlendorfer Sportclub von 1986 e.V. Osterfeld 5 24649 Fuhlendorf Vertreten durch: 1.Vorsitzender: Werner Lembcke Kontakt: Telefon: 04192 5627 E-Mail: Wernerlembcke@gmx.de Verantwortlich f\u00fcr den Inhalt nach \u00a7 55 Abs. 2 RStV: Werner Lembcke Osterfeld 5 24649 Fuhlendorf Haftungsausschluss: Haftung f\u00fcr Inhalte Die Inhalte unserer Seiten wurden mit gr\u00f6\u00dfter Sorgfalt erstellt. [&hellip;]<\/p>\n","protected":false},"author":1,"featured_media":0,"parent":0,"menu_order":0,"comment_status":"closed","ping_status":"closed","template":"","meta":{"_et_pb_use_builder":"on","_et_pb_old_content":"","_et_gb_content_width":"","footnotes":""},"class_list":["post-74","page","type-page","status-publish","hentry"],"_links":{"self":[{"href":"https:\/\/fuhlendorfer-sportclub.de\/index.php?rest_route=\/wp\/v2\/pages\/74","targetHints":{"allow":["GET"]}}],"collection":[{"href":"https:\/\/fuhlendorfer-sportclub.de\/index.php?rest_route=\/wp\/v2\/pages"}],"about":[{"href":"https:\/\/fuhlendorfer-sportclub.de\/index.php?rest_route=\/wp\/v2\/types\/page"}],"author":[{"embeddable":true,"href":"https:\/\/fuhlendorfer-sportclub.de\/index.php?rest_route=\/wp\/v2\/users\/1"}],"replies":[{"embeddable":true,"href":"https:\/\/fuhlendorfer-sportclub.de\/index.php?rest_route=%2Fwp%2Fv2%2Fcomments&post=74"}],"version-history":[{"count":0,"href":"https:\/\/fuhlendorfer-sportclub.de\/index.php?rest_route=\/wp\/v2\/pages\/74\/revisions"}],"wp:attachment":[{"href":"https:\/\/fuhlendorfer-sportclub.de\/index.php?rest_route=%2Fwp%2Fv2%2Fmedia&parent=74"}],"curies":[{"name":"wp","href":"https:\/\/api.w.org\/{rel}","templated":true}]}}